{"id":91,"date":"2024-05-28T10:43:48","date_gmt":"2024-05-28T10:43:48","guid":{"rendered":"https:\/\/cemreakademi.com\/?page_id=91"},"modified":"2025-01-08T10:09:30","modified_gmt":"2025-01-08T10:09:30","slug":"egitimde-destek-icin-birlikteyiz-ilkokul-ve-ortaokulda-yeni-nesil-egitim-anlayisi-ile-ilerlemeye-devam","status":"publish","type":"page","link":"https:\/\/cemreakademi.com\/index.php\/egitimde-destek-icin-birlikteyiz-ilkokul-ve-ortaokulda-yeni-nesil-egitim-anlayisi-ile-ilerlemeye-devam\/","title":{"rendered":"Bizimle 1 Ad\u0131m \u00d6nde!"},"content":{"rendered":"\n<h2 class=\"wp-block-heading has-text-align-center has-orange-color has-text-color has-link-color wp-elements-19742be5354b02f1c59c18cf639f15d4\"><strong>E\u011fitime Destek i\u00e7in Birlikteyiz<\/strong><\/h2>\n\n\n\n<p class=\"has-text-align-center has-blue-color has-text-color has-link-color has-regular-font-size wp-elements-fff4352ac67767b271ebd18131922c05\"><strong><bdo lang=\"tr\" dir=\"ltr\">2010 y\u0131l\u0131ndan beri, 7-14 ya\u015f aras\u0131 \u00e7ocuklar\u0131m\u0131za e\u011fitimde destek  i\u00e7in birlikteyiz. Uluslararas\u0131 e\u011fitim metotlar\u0131n\u0131 takip ederek, yeteneklerini ke\u015ffetmeleri i\u00e7in onlara f\u0131rsatlar vermekteyiz. Ekip \u00e7al\u0131\u015fmas\u0131n\u0131n \u00f6nemini fark edecekleri ve ayn\u0131 zamanda sosyal olarak da geli\u015febilecekleri projeler d\u00fczenlemekteyiz.<\/bdo><\/strong> <strong>\u0130lkokul ve ortaokul \u00e7a\u011flar\u0131ndaki \u00e7ocuklar\u0131m\u0131z\u0131n yeni nesil e\u011fitiminde bizimle 1 ad\u0131m \u00f6nde!<\/strong><\/p>\n\n\n\n<p class=\"has-text-align-center has-blue-color has-text-color has-link-color has-regular-font-size wp-elements-e33fd6022793bb26107db9cade098584\"><strong>En \u00f6nemlisi de mutlu olmalar\u0131n\u0131n ba\u015far\u0131n\u0131n anahtar\u0131 oldu\u011funu fark etmelerine yard\u0131mc\u0131 olmam\u0131z. Uzun zamand\u0131r birlikte \u00e7al\u0131\u015ft\u0131\u011f\u0131m\u0131z e\u011fitmenlerimizle ve i\u015f arkada\u015flar\u0131m\u0131zla, \u00e7ocuklar\u0131m\u0131z\u0131n b\u00fcy\u00fcd\u00fc\u011f\u00fcn\u00fc g\u00f6rmekten duydu\u011fumuz mutluluk ve gururla ilerlemeye devam&#8230;<\/strong><\/p>\n\n\n\n<figure class=\"wp-block-image size-full\"><img loading=\"lazy\" decoding=\"async\" width=\"928\" height=\"532\" src=\"https:\/\/cemreakademi.com\/wp-content\/uploads\/2024\/05\/pngwing.com_-4.png\" alt=\"\" class=\"wp-image-92\" srcset=\"https:\/\/cemreakademi.com\/wp-content\/uploads\/2024\/05\/pngwing.com_-4.png 928w, https:\/\/cemreakademi.com\/wp-content\/uploads\/2024\/05\/pngwing.com_-4-300x172.png 300w, https:\/\/cemreakademi.com\/wp-content\/uploads\/2024\/05\/pngwing.com_-4-768x440.png 768w\" sizes=\"auto, (max-width: 928px) 100vw, 928px\" \/><\/figure>\n","protected":false},"excerpt":{"rendered":"<p>E\u011fitime Destek i\u00e7in Birlikteyiz 2010 y\u0131l\u0131ndan beri, 7-14 ya\u015f aras\u0131 \u00e7ocuklar\u0131m\u0131za e\u011fitimde destek i\u00e7in birlikteyiz. Uluslararas\u0131 e\u011fitim metotlar\u0131n\u0131 takip ederek, yeteneklerini ke\u015ffetmeleri i\u00e7in onlara f\u0131rsatlar vermekteyiz. Ekip \u00e7al\u0131\u015fmas\u0131n\u0131n \u00f6nemini fark edecekleri ve ayn\u0131 zamanda sosyal olarak da geli\u015febilecekleri projeler d\u00fczenlemekteyiz. \u0130lkokul ve ortaokul \u00e7a\u011flar\u0131ndaki \u00e7ocuklar\u0131m\u0131z\u0131n yeni nesil e\u011fitiminde bizimle 1 [&hellip;]<\/p>\n","protected":false},"author":1,"featured_media":0,"parent":0,"menu_order":0,"comment_status":"closed","ping_status":"closed","template":"","meta":{"om_disable_all_campaigns":false,"_monsterinsights_skip_tracking":false,"_monsterinsights_sitenote_active":false,"_monsterinsights_sitenote_note":"","_monsterinsights_sitenote_category":0,"footnotes":""},"class_list":["post-91","page","type-page","status-publish","hentry"],"aioseo_notices":[],"jetpack_sharing_enabled":true,"_links":{"self":[{"href":"https:\/\/cemreakademi.com\/index.php\/wp-json\/wp\/v2\/pages\/91","targetHints":{"allow":["GET"]}}],"collection":[{"href":"https:\/\/cemreakademi.com\/index.php\/wp-json\/wp\/v2\/pages"}],"about":[{"href":"https:\/\/cemreakademi.com\/index.php\/wp-json\/wp\/v2\/types\/page"}],"author":[{"embeddable":true,"href":"https:\/\/cemreakademi.com\/index.php\/wp-json\/wp\/v2\/users\/1"}],"replies":[{"embeddable":true,"href":"https:\/\/cemreakademi.com\/index.php\/wp-json\/wp\/v2\/comments?post=91"}],"version-history":[{"count":14,"href":"https:\/\/cemreakademi.com\/index.php\/wp-json\/wp\/v2\/pages\/91\/revisions"}],"predecessor-version":[{"id":187,"href":"https:\/\/cemreakademi.com\/index.php\/wp-json\/wp\/v2\/pages\/91\/revisions\/187"}],"wp:attachment":[{"href":"https:\/\/cemreakademi.com\/index.php\/wp-json\/wp\/v2\/media?parent=91"}],"curies":[{"name":"wp","href":"https:\/\/api.w.org\/{rel}","templated":true}]}}