{"id":210,"date":"2025-01-12T18:06:08","date_gmt":"2025-01-12T18:06:08","guid":{"rendered":"https:\/\/cemreakademi.com\/?page_id=210"},"modified":"2025-08-31T18:14:05","modified_gmt":"2025-08-31T18:14:05","slug":"hakkimizda-2","status":"publish","type":"page","link":"https:\/\/cemreakademi.com\/","title":{"rendered":"Okul Sonras\u0131 Destek"},"content":{"rendered":"\n<h2 class=\"wp-block-heading has-text-align-center has-blue-color has-text-color has-link-color has-larger-font-size wp-elements-27cc76a0f9f962502713da38506cc175\">Yeni D\u00f6neme Merhaba&#8230;<\/h2>\n\n\n\n<p class=\"has-text-align-center has-brown-color has-text-color has-link-color has-medium-font-size wp-elements-38bf5b6e9f5ea7827128c589aca7f741\"><strong><bdo lang=\"tr\" dir=\"ltr\">2025-2026 E\u011fitim-\u00d6\u011fretim Y\u0131l\u0131&#8217;nda da yine beraberiz. 7-14 ya\u015f aras\u0131 \u00e7ocuklar\u0131m\u0131z<\/bdo>\u0131n e\u011fitimine 2010 y\u0131l\u0131ndan beri destek veriyoruz. Okul sonras\u0131 ko\u015farak geldikleri bir kurum olman\u0131n gururunu ya\u015f\u0131yoruz. \u00d6devlerini birlikte yap\u0131yoruz. K\u00fct\u00fcphanemizdeki y\u00fczlerce kitap ile onlara okuma al\u0131\u015fkanl\u0131\u011f\u0131 kazand\u0131rmaya \u00e7al\u0131\u015f\u0131yoruz. At\u00f6lyelerimizle e\u011flenerek \u00f6\u011frenecekleri zamanlar\u0131 olmas\u0131n\u0131 sa\u011fl\u0131yoruz. Y\u0131l i\u00e7inde d\u00fczenledi\u011fimiz etkinliklerimizle sosyal sorumluluk bilinci a\u015f\u0131lamay\u0131 ama\u00e7l\u0131yoruz. Ve &#8220;yemez&#8221; dedikleri \u00e7ocuklar\u0131n\u0131n yedi\u011fini g\u00f6ren velilerimizin y\u00fcz\u00fcn\u00fc g\u00fcld\u00fcr\u00fcyoruz. <bdo lang=\"tr\" dir=\"ltr\">Bir kez daha: Yeni d\u00f6neme merhaba!<\/bdo><\/strong><\/p>\n\n\n\n<h2 class=\"wp-block-heading has-text-align-center has-orange-color has-text-color has-link-color has-larger-font-size wp-elements-5bc81ffa936e2da8f118d03f8be89d72\">Yeniden Merhaba ve Ho\u015fgeldiniz!<\/h2>\n\n\n\n<p class=\"has-text-align-center has-brown-color has-text-color has-link-color has-medium-font-size wp-elements-560a5b4b01da46131904b2028497fdca\"><strong>Sa\u011fl\u0131kl\u0131 \u00f6\u011f\u00fcnlerimiz, tecr\u00fcbeli kadromuz ve ayd\u0131nl\u0131k s\u0131n\u0131flar\u0131m\u0131zla yeni d\u00f6nemde yine beraberiz. Her y\u0131l bir ya\u015f daha b\u00fcy\u00fcd\u00fc\u011f\u00fcn\u00fc g\u00f6rd\u00fc\u011f\u00fcm\u00fcz \u00e7ocuklar\u0131m\u0131za yeniden merhaba! Yeni tan\u0131\u015faca\u011f\u0131m\u0131z \u00e7ocuklar\u0131m\u0131za ise ho\u015fgeldiniz diyoruz. Zeka oyunlar\u0131 at\u00f6lyemizd<\/strong>e<strong> \u00e7ocuklar\u0131m\u0131z k\u0131vrak zekalar\u0131n\u0131 ke\u015ffetsin. \u0130ngilizce derslerimiz dil geli\u015fimlerini desteklesin. H\u0131zl\u0131 okuma derslerimizde, \u00e7ocuklar\u0131m\u0131z h\u0131zl\u0131 okuyup h\u0131zl\u0131 anlamay\u0131 \u00f6\u011frensin. Yarat\u0131c\u0131 drama ile duygusal zekalar\u0131n\u0131 geli\u015ftirsinler. K\u0131sacas\u0131; yolumuz uzun ve \u00e7ocuklar\u0131m\u0131z gelecekten bize emanet. Bir kez daha: Yeni d\u00f6neme merhaba!<\/strong><\/p>\n\n\n\n<p class=\"has-text-align-center has-brown-color has-text-color has-link-color has-medium-font-size wp-elements-697a03216e593a77ec229f3e4d4e113b\"><strong>Haydi gelin siz de yol arkada\u015f\u0131m\u0131z olun&#8230; <\/strong><\/p>\n\n\n\n<h3 class=\"wp-block-heading has-text-align-center has-green-color has-text-color has-link-color has-larger-font-size wp-elements-7d79cbcb36915cb7fd81aa74bda870b0\"><strong>Detayl\u0131 bilgi i\u00e7in:<\/strong> <strong>530 716 02 24<\/strong><\/h3>\n\n\n\n<p class=\"has-text-align-center has-brown-color has-text-color has-link-color has-medium-font-size wp-elements-e9aae8ddbb87016069bd0a3fef2637a0\"><\/p>\n\n\n\n<p><\/p>\n","protected":false},"excerpt":{"rendered":"<p>Yeni D\u00f6neme Merhaba&#8230; 2025-2026 E\u011fitim-\u00d6\u011fretim Y\u0131l\u0131&#8217;nda da yine beraberiz. 7-14 ya\u015f aras\u0131 \u00e7ocuklar\u0131m\u0131z\u0131n e\u011fitimine 2010 y\u0131l\u0131ndan beri destek veriyoruz. Okul sonras\u0131 ko\u015farak geldikleri bir kurum olman\u0131n gururunu ya\u015f\u0131yoruz. \u00d6devlerini birlikte yap\u0131yoruz. K\u00fct\u00fcphanemizdeki y\u00fczlerce kitap ile onlara okuma al\u0131\u015fkanl\u0131\u011f\u0131 kazand\u0131rmaya \u00e7al\u0131\u015f\u0131yoruz. At\u00f6lyelerimizle e\u011flenerek \u00f6\u011frenecekleri zamanlar\u0131 olmas\u0131n\u0131 sa\u011fl\u0131yoruz. Y\u0131l i\u00e7inde d\u00fczenledi\u011fimiz etkinliklerimizle [&hellip;]<\/p>\n","protected":false},"author":1,"featured_media":0,"parent":0,"menu_order":0,"comment_status":"closed","ping_status":"closed","template":"","meta":{"om_disable_all_campaigns":false,"_monsterinsights_skip_tracking":false,"_monsterinsights_sitenote_active":false,"_monsterinsights_sitenote_note":"","_monsterinsights_sitenote_category":0,"footnotes":""},"class_list":["post-210","page","type-page","status-publish","hentry"],"aioseo_notices":[],"jetpack_sharing_enabled":true,"_links":{"self":[{"href":"https:\/\/cemreakademi.com\/index.php\/wp-json\/wp\/v2\/pages\/210","targetHints":{"allow":["GET"]}}],"collection":[{"href":"https:\/\/cemreakademi.com\/index.php\/wp-json\/wp\/v2\/pages"}],"about":[{"href":"https:\/\/cemreakademi.com\/index.php\/wp-json\/wp\/v2\/types\/page"}],"author":[{"embeddable":true,"href":"https:\/\/cemreakademi.com\/index.php\/wp-json\/wp\/v2\/users\/1"}],"replies":[{"embeddable":true,"href":"https:\/\/cemreakademi.com\/index.php\/wp-json\/wp\/v2\/comments?post=210"}],"version-history":[{"count":19,"href":"https:\/\/cemreakademi.com\/index.php\/wp-json\/wp\/v2\/pages\/210\/revisions"}],"predecessor-version":[{"id":308,"href":"https:\/\/cemreakademi.com\/index.php\/wp-json\/wp\/v2\/pages\/210\/revisions\/308"}],"wp:attachment":[{"href":"https:\/\/cemreakademi.com\/index.php\/wp-json\/wp\/v2\/media?parent=210"}],"curies":[{"name":"wp","href":"https:\/\/api.w.org\/{rel}","templated":true}]}}