{"id":102,"date":"2024-05-28T17:17:38","date_gmt":"2024-05-28T17:17:38","guid":{"rendered":"https:\/\/cemreakademi.com\/?page_id=102"},"modified":"2025-04-06T18:14:47","modified_gmt":"2025-04-06T18:14:47","slug":"hakkimizda","status":"publish","type":"page","link":"https:\/\/cemreakademi.com\/index.php\/hakkimizda\/","title":{"rendered":"15 Y\u0131ld\u0131r 1 Ad\u0131m \u00d6nde"},"content":{"rendered":"\n<h2 class=\"wp-block-heading has-text-align-center has-blue-color has-text-color has-link-color has-larger-font-size wp-elements-e2bd81258c7e4804c694029127176d8f\">2010 y\u0131l\u0131ndan beri ilerlemeye devam&#8230;<\/h2>\n\n\n\n<p class=\"has-text-align-center has-brown-color has-text-color has-link-color has-medium-font-size wp-elements-a2c3813c377fff228ed23982d05cab2e\"><strong><bdo lang=\"tr\" dir=\"ltr\">Merhaba Sevgili Veliler. Her biri ayr\u0131 bir d\u00fcnya olan, her biri kendi yolunu bulmaya \u00e7al\u0131\u015fan mini mini birer birey olan \u00e7ocuklar\u0131m\u0131z\u0131n e\u011fitimine destek i\u00e7in tam 15 y\u0131ld\u0131r sizlerle birlikteyiz.  7-14 ya\u015f aras\u0131 \u00e7ocuklar\u0131m\u0131z\u0131n, mental ve duygusal a\u00e7\u0131dan geli\u015fimlerine katk\u0131da bulunma amac\u0131yla, ilk g\u00fcnk\u00fc heyecan\u0131m\u0131zla sizlerin yan\u0131nda yer al\u0131yoruz. &#8220;A\u011fa\u00e7 ya\u015fken e\u011filir&#8221; \u015fiar\u0131yla, uluslararas\u0131 e\u011fitim metotlar\u0131n\u0131 takip ederek, yeteneklerini ke\u015ffetmeleri i\u00e7in onlara f\u0131rsatlar veriyoruz. Hayat\u0131n sadece s\u0131navlardan ibaret olmad\u0131\u011f\u0131n\u0131 fark etmeleri i\u00e7in ellerinden tutuyoruz.<\/bdo> S\u00f6z\u00fcn \u00f6z\u00fc, ilkokul ve ortaokul \u00e7a\u011flar\u0131ndaki \u00e7ocuklar\u0131m\u0131z yeni nesil e\u011fitiminde bizimle 1 ad\u0131m \u00f6nde!<\/strong><\/p>\n\n\n\n<h2 class=\"wp-block-heading has-text-align-center has-orange-color has-text-color has-link-color has-larger-font-size wp-elements-ee360f578f0587e2a203a444b5db5390\">Mutlu \u00c7ocuk Ba\u015far\u0131r<\/h2>\n\n\n\n<p class=\"has-text-align-center has-brown-color has-text-color has-link-color has-medium-font-size wp-elements-26334024a990ebf9669076ec7b7bf429\"><strong>En \u00f6nemlisi de mutlu olmalar\u0131n\u0131n ba\u015far\u0131n\u0131n anahtar\u0131 oldu\u011funu fark etmelerine yard\u0131mc\u0131 oluyoruz. &#8220;Mutlu \u00c7ocuk Ba\u015far\u0131r&#8221; diyerek, i\u00e7inde bulunduklar\u0131 zamandan keyif almalar\u0131n\u0131 sa\u011flamaya \u00e7al\u0131\u015f\u0131yoruz. Sorumluluk sahibi, hedeflerini belirleyebilen, m\u00fcmk\u00fcn oldu\u011funca yemek ay\u0131rt etmeyen ve g\u00fclmeyi bilen \u00e7ocuklar\u0131m\u0131z ile bizim de bir yan\u0131m\u0131z hep \u00e7ocuk kal\u0131yor. Uzun zamand\u0131r birlikte \u00e7al\u0131\u015ft\u0131\u011f\u0131m\u0131z e\u011fitmenlerimizle ve i\u015f arkada\u015flar\u0131m\u0131zla, \u00e7ocuklar\u0131m\u0131z\u0131n b\u00fcy\u00fcd\u00fc\u011f\u00fcn\u00fc g\u00f6rmekten duydu\u011fumuz mutluluk ve gururla ilerlemeye devam&#8230;<\/strong><\/p>\n\n\n\n<h2 class=\"wp-block-heading has-text-align-center has-green-color has-text-color has-link-color has-larger-font-size wp-elements-665f8af4693bdb25c60565c3162278bc\">Bizimle Tan\u0131\u015fmak \u0130ster Misiniz?<\/h2>\n\n\n\n<p class=\"has-text-align-center has-brown-color has-text-color has-link-color has-medium-font-size wp-elements-bdf044014d756c213209528985934326\"><strong>E\u011fitim \u00e7ocuklar\u0131m\u0131z i\u00e7in ne kadar \u00f6nemliyse, \u00f6\u011fretim de onlar\u0131n geli\u015fimi i\u00e7in bir o kadar vazge\u00e7ilmezdir. Bu nedenle, sadece ders ba\u015far\u0131s\u0131, y\u00fcksek notlar ile mutlu ve ba\u015far\u0131l\u0131 olmak pek m\u00fcmk\u00fcn de\u011fildir. \u00c7ocuklar\u0131m\u0131z gelece\u011fimiz. Onlar toplumun temel ta\u015flar\u0131. Birlikte ge\u00e7irdi\u011fimiz zaman i\u00e7inde \u00f6\u011fretimlerini de desteklemek i\u00e7in gayret ediyoruz. At\u00f6lye \u00e7al\u0131\u015fmalar\u0131m\u0131zla e\u011flenirken \u00f6\u011frenecekleri zamanlar\u0131 onlara sunuyoruz. E\u011fitim anlay\u0131\u015f\u0131m\u0131z, \u00e7al\u0131\u015fma saatlerimiz ve hakk\u0131m\u0131zda daha \u00e7ok bilgi almak isterseniz bizi aray\u0131n:<\/strong><\/p>\n\n\n\n<p class=\"has-text-align-center has-brown-color has-text-color has-link-color has-medium-font-size wp-elements-c2dd2d49bbca8b2942179a19a2ae921a\">0530 716 02 24<strong> <\/strong><\/p>\n\n\n\n<figure class=\"wp-block-gallery has-nested-images columns-default is-cropped wp-block-gallery-1 is-layout-flex wp-block-gallery-is-layout-flex\">\n<figure class=\"wp-block-image size-large\"><img loading=\"lazy\" decoding=\"async\" width=\"928\" height=\"532\" data-id=\"103\" src=\"https:\/\/cemreakademi.com\/wp-content\/uploads\/2024\/05\/pngwing.com_-5.png\" alt=\"\" class=\"wp-image-103\" srcset=\"https:\/\/cemreakademi.com\/wp-content\/uploads\/2024\/05\/pngwing.com_-5.png 928w, https:\/\/cemreakademi.com\/wp-content\/uploads\/2024\/05\/pngwing.com_-5-300x172.png 300w, https:\/\/cemreakademi.com\/wp-content\/uploads\/2024\/05\/pngwing.com_-5-768x440.png 768w\" sizes=\"auto, (max-width: 928px) 100vw, 928px\" \/><\/figure>\n<\/figure>\n","protected":false},"excerpt":{"rendered":"<p>2010 y\u0131l\u0131ndan beri ilerlemeye devam&#8230; Merhaba Sevgili Veliler. Her biri ayr\u0131 bir d\u00fcnya olan, her biri kendi yolunu bulmaya \u00e7al\u0131\u015fan mini mini birer birey olan \u00e7ocuklar\u0131m\u0131z\u0131n e\u011fitimine destek i\u00e7in tam 15 y\u0131ld\u0131r sizlerle birlikteyiz. 7-14 ya\u015f aras\u0131 \u00e7ocuklar\u0131m\u0131z\u0131n, mental ve duygusal a\u00e7\u0131dan geli\u015fimlerine katk\u0131da bulunma amac\u0131yla, ilk g\u00fcnk\u00fc heyecan\u0131m\u0131zla sizlerin [&hellip;]<\/p>\n","protected":false},"author":1,"featured_media":0,"parent":0,"menu_order":0,"comment_status":"closed","ping_status":"closed","template":"","meta":{"om_disable_all_campaigns":false,"_monsterinsights_skip_tracking":false,"_monsterinsights_sitenote_active":false,"_monsterinsights_sitenote_note":"","_monsterinsights_sitenote_category":0,"footnotes":""},"class_list":["post-102","page","type-page","status-publish","hentry"],"aioseo_notices":[],"jetpack_sharing_enabled":true,"_links":{"self":[{"href":"https:\/\/cemreakademi.com\/index.php\/wp-json\/wp\/v2\/pages\/102","targetHints":{"allow":["GET"]}}],"collection":[{"href":"https:\/\/cemreakademi.com\/index.php\/wp-json\/wp\/v2\/pages"}],"about":[{"href":"https:\/\/cemreakademi.com\/index.php\/wp-json\/wp\/v2\/types\/page"}],"author":[{"embeddable":true,"href":"https:\/\/cemreakademi.com\/index.php\/wp-json\/wp\/v2\/users\/1"}],"replies":[{"embeddable":true,"href":"https:\/\/cemreakademi.com\/index.php\/wp-json\/wp\/v2\/comments?post=102"}],"version-history":[{"count":11,"href":"https:\/\/cemreakademi.com\/index.php\/wp-json\/wp\/v2\/pages\/102\/revisions"}],"predecessor-version":[{"id":283,"href":"https:\/\/cemreakademi.com\/index.php\/wp-json\/wp\/v2\/pages\/102\/revisions\/283"}],"wp:attachment":[{"href":"https:\/\/cemreakademi.com\/index.php\/wp-json\/wp\/v2\/media?parent=102"}],"curies":[{"name":"wp","href":"https:\/\/api.w.org\/{rel}","templated":true}]}}